{"id":1070,"date":"2023-09-15T05:02:30","date_gmt":"2023-09-15T05:02:30","guid":{"rendered":"https:\/\/zootests.fr\/contact\/"},"modified":"2026-03-27T14:49:34","modified_gmt":"2026-03-27T14:49:34","slug":"contact","status":"publish","type":"page","link":"https:\/\/zootests.fr\/fr\/contact\/","title":{"rendered":"Contact"},"content":{"rendered":"\t\t<div data-elementor-type=\"wp-page\" data-elementor-id=\"1070\" class=\"elementor elementor-1070 elementor-136\">\n\t\t\t\t\t\t<section class=\"elementor-section elementor-top-section elementor-element elementor-element-63fdcf8 elementor-section-full_width elementor-section-height-min-height full-width-bg pbmit-col-stretched-none pbmit-bg-color-over-image elementor-section-height-default elementor-section-items-middle\" data-id=\"63fdcf8\" data-element_type=\"section\" data-e-type=\"section\" data-settings=\"{&quot;background_background&quot;:&quot;classic&quot;}\">\n\t\t\t\t\t\t<div class=\"elementor-container elementor-column-gap-no\">\n\t\t\t\t\t<div class=\"elementor-column elementor-col-100 elementor-top-column elementor-element elementor-element-af5f497 pbmit-bg-color-over-image\" data-id=\"af5f497\" data-element_type=\"column\" data-e-type=\"column\">\n\t\t\t<div class=\"elementor-widget-wrap\">\n\t\t\t\t\t\t\t<\/div>\n\t\t<\/div>\n\t\t\t\t\t<\/div>\n\t\t<\/section>\n\t\t\t\t<section class=\"elementor-section elementor-top-section elementor-element elementor-element-48f467d pbmit-col-stretched-none pbmit-bg-color-over-image elementor-section-boxed elementor-section-height-default elementor-section-height-default\" data-id=\"48f467d\" data-element_type=\"section\" data-e-type=\"section\">\n\t\t\t\t\t\t<div class=\"elementor-container elementor-column-gap-default\">\n\t\t\t\t\t<div class=\"elementor-column elementor-col-100 elementor-top-column elementor-element elementor-element-4dd16e6 pbmit-bg-color-over-image\" data-id=\"4dd16e6\" data-element_type=\"column\" data-e-type=\"column\">\n\t\t\t<div class=\"elementor-widget-wrap elementor-element-populated\">\n\t\t\t\t\t\t<div class=\"elementor-element elementor-element-34dcadc elementor-widget elementor-widget-spacer\" data-id=\"34dcadc\" data-element_type=\"widget\" data-e-type=\"widget\" data-widget_type=\"spacer.default\">\n\t\t\t\t<div class=\"elementor-widget-container\">\n\t\t\t\t\t\t\t<div class=\"elementor-spacer\">\n\t\t\t<div class=\"elementor-spacer-inner\"><\/div>\n\t\t<\/div>\n\t\t\t\t\t\t<\/div>\n\t\t\t\t<\/div>\n\t\t\t\t\t<\/div>\n\t\t<\/div>\n\t\t\t\t\t<\/div>\n\t\t<\/section>\n\t\t\t\t<section class=\"elementor-section elementor-top-section elementor-element elementor-element-abb1f85 pbmit-col-stretched-none pbmit-bg-color-over-image elementor-section-boxed elementor-section-height-default elementor-section-height-default\" data-id=\"abb1f85\" data-element_type=\"section\" data-e-type=\"section\">\n\t\t\t\t\t\t<div class=\"elementor-container elementor-column-gap-default\">\n\t\t\t\t\t<div class=\"elementor-column elementor-col-50 elementor-top-column elementor-element elementor-element-65d562e pbmit-bg-color-over-image\" data-id=\"65d562e\" data-element_type=\"column\" data-e-type=\"column\">\n\t\t\t<div class=\"elementor-widget-wrap elementor-element-populated\">\n\t\t\t\t\t\t<div class=\"elementor-element elementor-element-396f068 animated-slow elementor-invisible elementor-widget elementor-widget-text-editor\" data-id=\"396f068\" data-element_type=\"widget\" data-e-type=\"widget\" data-settings=\"{&quot;_animation&quot;:&quot;fadeInLeft&quot;}\" data-widget_type=\"text-editor.default\">\n\t\t\t\t<div class=\"elementor-widget-container\">\n\t\t\t\t\t\t\t\t\t<h3>Addresse:<\/h3><p>5 Rue Gabriel Calloet Kerbrat,<br \/>22440 Ploufragan<br \/>France<\/p><h3>E-mail:<\/h3><h6><a href=\"mailto:info@zootests.fr\" target=\"_blank\" rel=\"noopener\">info@zootests.fr<\/a><\/h6><h3>T\u00e9l\u00e9Phone:<\/h3><p>+33 296 765 115<\/p>\t\t\t\t\t\t\t\t<\/div>\n\t\t\t\t<\/div>\n\t\t\t\t\t<\/div>\n\t\t<\/div>\n\t\t\t\t<div class=\"elementor-column elementor-col-50 elementor-top-column elementor-element elementor-element-220d4f8 pbmit-bg-color-over-image\" data-id=\"220d4f8\" data-element_type=\"column\" data-e-type=\"column\">\n\t\t\t<div class=\"elementor-widget-wrap elementor-element-populated\">\n\t\t\t\t\t\t<div class=\"elementor-element elementor-element-8cd6a8a elementor-widget elementor-widget-google_maps\" data-id=\"8cd6a8a\" data-element_type=\"widget\" data-e-type=\"widget\" data-widget_type=\"google_maps.default\">\n\t\t\t\t<div class=\"elementor-widget-container\">\n\t\t\t\t\t\t\t<div class=\"elementor-custom-embed\">\n\t\t\t<iframe loading=\"lazy\"\n\t\t\t\t\tsrc=\"https:\/\/maps.google.com\/maps?q=5%20Rue%20Gabriel%20Calloet%20Kerbrat%2C%2022440%20Ploufragan%20France%20&#038;t=m&#038;z=12&#038;output=embed&#038;iwloc=near\"\n\t\t\t\t\ttitle=\"5 Rue Gabriel Calloet Kerbrat, 22440 Ploufragan France \"\n\t\t\t\t\taria-label=\"5 Rue Gabriel Calloet Kerbrat, 22440 Ploufragan France \"\n\t\t\t><\/iframe>\n\t\t<\/div>\n\t\t\t\t\t\t<\/div>\n\t\t\t\t<\/div>\n\t\t\t\t\t<\/div>\n\t\t<\/div>\n\t\t\t\t\t<\/div>\n\t\t<\/section>\n\t\t\t\t<section class=\"elementor-section elementor-top-section elementor-element elementor-element-3ff8826 pbmit-col-stretched-none pbmit-bg-color-over-image elementor-section-boxed elementor-section-height-default elementor-section-height-default\" data-id=\"3ff8826\" data-element_type=\"section\" data-e-type=\"section\" data-settings=\"{&quot;background_background&quot;:&quot;classic&quot;}\">\n\t\t\t\t\t\t<div class=\"elementor-container elementor-column-gap-default\">\n\t\t\t\t\t<div class=\"elementor-column elementor-col-100 elementor-top-column elementor-element elementor-element-a7c0877 pbmit-bg-color-over-image\" data-id=\"a7c0877\" data-element_type=\"column\" data-e-type=\"column\" data-settings=\"{&quot;background_background&quot;:&quot;classic&quot;}\">\n\t\t\t<div class=\"elementor-widget-wrap elementor-element-populated\">\n\t\t\t\t\t\t<div class=\"elementor-element elementor-element-d3ca5f6 elementor-widget elementor-widget-spacer\" data-id=\"d3ca5f6\" data-element_type=\"widget\" data-e-type=\"widget\" data-widget_type=\"spacer.default\">\n\t\t\t\t<div class=\"elementor-widget-container\">\n\t\t\t\t\t\t\t<div class=\"elementor-spacer\">\n\t\t\t<div class=\"elementor-spacer-inner\"><\/div>\n\t\t<\/div>\n\t\t\t\t\t\t<\/div>\n\t\t\t\t<\/div>\n\t\t\t\t\t<\/div>\n\t\t<\/div>\n\t\t\t\t\t<\/div>\n\t\t<\/section>\n\t\t\t\t<section class=\"elementor-section elementor-top-section elementor-element elementor-element-47bebe2 pbmit-col-stretched-none pbmit-bg-color-over-image elementor-section-boxed elementor-section-height-default elementor-section-height-default elementor-invisible\" data-id=\"47bebe2\" data-element_type=\"section\" data-e-type=\"section\" data-settings=\"{&quot;background_background&quot;:&quot;classic&quot;,&quot;animation&quot;:&quot;fadeInDown&quot;}\">\n\t\t\t\t\t\t<div class=\"elementor-container elementor-column-gap-default\">\n\t\t\t\t\t<div class=\"elementor-column elementor-col-100 elementor-top-column elementor-element elementor-element-0030f11 pbmit-bg-color-over-image elementor-invisible\" data-id=\"0030f11\" data-element_type=\"column\" data-e-type=\"column\" data-settings=\"{&quot;animation&quot;:&quot;fadeInDown&quot;}\">\n\t\t\t<div class=\"elementor-widget-wrap elementor-element-populated\">\n\t\t\t\t\t\t<div class=\"elementor-element elementor-element-e4c0335 animated-slow elementor-invisible elementor-widget elementor-widget-text-editor\" data-id=\"e4c0335\" data-element_type=\"widget\" data-e-type=\"widget\" data-settings=\"{&quot;_animation&quot;:&quot;fadeInDown&quot;}\" data-widget_type=\"text-editor.default\">\n\t\t\t\t<div class=\"elementor-widget-container\">\n\t\t\t\t\t\t\t\t\t<h3>Contactez-nous<\/h3><p>Vous avez des questions et souhaitez en savoir plus\u00a0?<\/p><p>N\u2019h\u00e9sitez pas \u00e0 nous contacter d\u00e8s aujourd\u2019hui\u00a0! Nous serons ravis de r\u00e9pondre \u00e0 toutes vos questions.<\/p>\t\t\t\t\t\t\t\t<\/div>\n\t\t\t\t<\/div>\n\t\t\t\t\t<\/div>\n\t\t<\/div>\n\t\t\t\t\t<\/div>\n\t\t<\/section>\n\t\t\t\t<section class=\"elementor-section elementor-top-section elementor-element elementor-element-cc9815b pbmit-col-stretched-none pbmit-bg-color-over-image elementor-section-boxed elementor-section-height-default elementor-section-height-default\" data-id=\"cc9815b\" data-element_type=\"section\" data-e-type=\"section\">\n\t\t\t\t\t\t<div class=\"elementor-container elementor-column-gap-default\">\n\t\t\t\t\t<div class=\"elementor-column elementor-col-100 elementor-top-column elementor-element elementor-element-5c0282c pbmit-bg-color-over-image\" data-id=\"5c0282c\" data-element_type=\"column\" data-e-type=\"column\" data-settings=\"{&quot;background_background&quot;:&quot;classic&quot;}\">\n\t\t\t<div class=\"elementor-widget-wrap elementor-element-populated\">\n\t\t\t\t\t\t<div class=\"elementor-element elementor-element-2b37f69 elementor-widget elementor-widget-wpforms\" data-id=\"2b37f69\" data-element_type=\"widget\" data-e-type=\"widget\" data-widget_type=\"wpforms.default\">\n\t\t\t\t<div class=\"elementor-widget-container\">\n\t\t\t\t\t<div class=\"wpforms-container wpforms-container-full wpforms-render-modern\" id=\"wpforms-1192\"><form id=\"wpforms-form-1192\" class=\"wpforms-validate wpforms-form wpforms-ajax-form\" data-formid=\"1192\" method=\"post\" enctype=\"multipart\/form-data\" action=\"\/fr\/wp-json\/wp\/v2\/pages\/1070\" data-token=\"b834af7ff1fe9f006fe09576625da06e\" data-token-time=\"1776482768\"><noscript class=\"wpforms-error-noscript\">Veuillez activer JavaScript dans votre navigateur pour remplir ce formulaire.<\/noscript><div id=\"wpforms-error-noscript\" style=\"display: none;\">Veuillez activer JavaScript dans votre navigateur pour remplir ce formulaire.<\/div><div class=\"wpforms-field-container\"><div id=\"wpforms-1192-field_1-container\" class=\"wpforms-field wpforms-field-name\" data-field-id=\"1\"><label class=\"wpforms-field-label\" for=\"wpforms-1192-field_1\">NOM <span class=\"wpforms-required-label\" aria-hidden=\"true\">*<\/span><\/label><input type=\"text\" id=\"wpforms-1192-field_1\" class=\"wpforms-field-medium wpforms-field-required\" name=\"wpforms[fields][1]\" aria-errormessage=\"wpforms-1192-field_1-error\" required><\/div>\t\t<div id=\"wpforms-1192-field_6-container\"\n\t\t\tclass=\"wpforms-field wpforms-field-text\"\n\t\t\tdata-field-type=\"text\"\n\t\t\tdata-field-id=\"6\"\n\t\t\t>\n\t\t\t<label class=\"wpforms-field-label\" for=\"wpforms-1192-field_6\" >au Objet Je<\/label>\n\t\t\t<input type=\"text\" id=\"wpforms-1192-field_6\" class=\"wpforms-field-medium\" name=\"wpforms[fields][6]\" >\n\t\t<\/div>\n\t\t<div id=\"wpforms-1192-field_2-container\" class=\"wpforms-field wpforms-field-email\" data-field-id=\"2\"><label class=\"wpforms-field-label\" for=\"wpforms-1192-field_2\">Email <span class=\"wpforms-required-label\" aria-hidden=\"true\">*<\/span><\/label><input type=\"email\" id=\"wpforms-1192-field_2\" class=\"wpforms-field-medium wpforms-field-required\" name=\"wpforms[fields][2]\" spellcheck=\"false\" aria-errormessage=\"wpforms-1192-field_2-error\" required><\/div><div id=\"wpforms-1192-field_4-container\" class=\"wpforms-field wpforms-field-text\" data-field-id=\"4\"><label class=\"wpforms-field-label\" for=\"wpforms-1192-field_4\">Objet <span class=\"wpforms-required-label\" aria-hidden=\"true\">*<\/span><\/label><input type=\"text\" id=\"wpforms-1192-field_4\" class=\"wpforms-field-medium wpforms-field-required\" name=\"wpforms[fields][4]\" aria-errormessage=\"wpforms-1192-field_4-error\" required><\/div><div id=\"wpforms-1192-field_3-container\" class=\"wpforms-field wpforms-field-textarea\" data-field-id=\"3\"><label class=\"wpforms-field-label\" for=\"wpforms-1192-field_3\">Votre message <span class=\"wpforms-required-label\" aria-hidden=\"true\">*<\/span><\/label><textarea id=\"wpforms-1192-field_3\" class=\"wpforms-field-medium wpforms-field-required\" name=\"wpforms[fields][3]\" aria-errormessage=\"wpforms-1192-field_3-error\" required><\/textarea><\/div><div id=\"wpforms-1192-field_5-container\" class=\"wpforms-field wpforms-field-radio\" data-field-id=\"5\"><fieldset><legend class=\"wpforms-field-label\">Je consens au traitement de mes donn\u00e9es, conform\u00e9ment \u00e0 la l\u00e9gislation sur la protection de la vie priv\u00e9e <span class=\"wpforms-required-label\" aria-hidden=\"true\">*<\/span><\/legend><ul id=\"wpforms-1192-field_5\" class=\"wpforms-field-required\"><li class=\"choice-1 depth-1\"><input type=\"radio\" id=\"wpforms-1192-field_5_1\" name=\"wpforms[fields][5]\" value=\"pour proposer ma candidature \u00e0 Zootests Srl\" aria-errormessage=\"wpforms-1192-field_5_1-error\" required ><label class=\"wpforms-field-label-inline\" for=\"wpforms-1192-field_5_1\">pour proposer ma candidature \u00e0 Zootests Srl<\/label><\/li><li class=\"choice-2 depth-1\"><input type=\"radio\" id=\"wpforms-1192-field_5_2\" name=\"wpforms[fields][5]\" value=\"pour contacter Zootests Srl \u00e0 des fins professionnelles\" aria-errormessage=\"wpforms-1192-field_5_2-error\" required ><label class=\"wpforms-field-label-inline\" for=\"wpforms-1192-field_5_2\">pour contacter Zootests Srl \u00e0 des fins professionnelles<\/label><\/li><li class=\"choice-3 depth-1\"><input type=\"radio\" id=\"wpforms-1192-field_5_3\" name=\"wpforms[fields][5]\" value=\"pour recevoir la newsletter de Zootests Srl\" aria-errormessage=\"wpforms-1192-field_5_3-error\" required ><label class=\"wpforms-field-label-inline\" for=\"wpforms-1192-field_5_3\">pour recevoir la newsletter de Zootests Srl<\/label><\/li><\/ul><\/fieldset><\/div><script>\n\t\t\t\t( function() {\n\t\t\t\t\tconst style = document.createElement( 'style' );\n\t\t\t\t\tstyle.appendChild( document.createTextNode( '#wpforms-1192-field_6-container { position: absolute !important; overflow: hidden !important; display: inline !important; height: 1px !important; width: 1px !important; z-index: -1000 !important; padding: 0 !important; } #wpforms-1192-field_6-container input { visibility: hidden; } #wpforms-conversational-form-page #wpforms-1192-field_6-container label { counter-increment: none; }' ) );\n\t\t\t\t\tdocument.head.appendChild( style );\n\t\t\t\t\tdocument.currentScript?.remove();\n\t\t\t\t} )();\n\t\t\t<\/script><\/div><!-- .wpforms-field-container --><div class=\"wpforms-submit-container\" ><input type=\"hidden\" name=\"wpforms[id]\" value=\"1192\"><input type=\"hidden\" name=\"page_title\" value=\"\"><input type=\"hidden\" name=\"page_url\" value=\"https:\/\/zootests.fr\/fr\/wp-json\/wp\/v2\/pages\/1070\"><input type=\"hidden\" name=\"url_referer\" value=\"\"><button type=\"submit\" name=\"wpforms[submit]\" id=\"wpforms-submit-1192\" class=\"wpforms-submit\" data-alt-text=\"Envoi...\" data-submit-text=\"Envoyer\" aria-live=\"assertive\" value=\"wpforms-submit\">Envoyer<\/button><img decoding=\"async\" src=\"https:\/\/zootests.fr\/wp-content\/plugins\/wpforms-lite\/assets\/images\/submit-spin.svg\" class=\"wpforms-submit-spinner\" style=\"display: none;\" width=\"26\" height=\"26\" alt=\"Chargement en cours\"><\/div><\/form><\/div>  <!-- .wpforms-container -->\t\t\t\t<\/div>\n\t\t\t\t<\/div>\n\t\t\t\t\t<\/div>\n\t\t<\/div>\n\t\t\t\t\t<\/div>\n\t\t<\/section>\n\t\t\t\t<\/div>\n\t\t","protected":false},"excerpt":{"rendered":"<p>Addresse: 5 Rue Gabriel Calloet Kerbrat,22440 PloufraganFrance E-mail: info@zootests.fr T\u00e9l\u00e9Phone: +33 296 765 115 Contactez-nous Vous avez des questions et souhaitez en savoir plus\u00a0? N\u2019h\u00e9sitez pas \u00e0 nous contacter d\u00e8s aujourd\u2019hui\u00a0! Nous serons ravis de r\u00e9pondre \u00e0 toutes vos questions. Please enable JavaScript in your browser to complete this form.Please enable JavaScript in your browser [&hellip;]<\/p>\n","protected":false},"author":1,"featured_media":1524,"parent":0,"menu_order":35,"comment_status":"closed","ping_status":"closed","template":"","meta":{"_acf_changed":false,"inline_featured_image":false,"footnotes":""},"class_list":["post-1070","page","type-page","status-publish","has-post-thumbnail","hentry"],"acf":[],"yoast_head":"<!-- This site is optimized with the Yoast SEO plugin v27.0 - https:\/\/yoast.com\/product\/yoast-seo-wordpress\/ -->\n<title>Contact - Zootests<\/title>\n<meta name=\"robots\" content=\"index, follow, max-snippet:-1, max-image-preview:large, max-video-preview:-1\" \/>\n<link rel=\"canonical\" href=\"https:\/\/zootests.fr\/fr\/contact\/\" \/>\n<meta property=\"og:locale\" content=\"fr_FR\" \/>\n<meta property=\"og:type\" content=\"article\" \/>\n<meta property=\"og:title\" content=\"Contact - Zootests\" \/>\n<meta property=\"og:description\" content=\"Addresse: 5 Rue Gabriel Calloet Kerbrat,22440 PloufraganFrance E-mail: info@zootests.fr T\u00e9l\u00e9Phone: +33 296 765 115 Contactez-nous Vous avez des questions et souhaitez en savoir plus\u00a0? N\u2019h\u00e9sitez pas \u00e0 nous contacter d\u00e8s aujourd\u2019hui\u00a0! Nous serons ravis de r\u00e9pondre \u00e0 toutes vos questions. Please enable JavaScript in your browser to complete this form.Please enable JavaScript in your browser [&hellip;]\" \/>\n<meta property=\"og:url\" content=\"https:\/\/zootests.fr\/fr\/contact\/\" \/>\n<meta property=\"og:site_name\" content=\"Zootests\" \/>\n<meta property=\"article:modified_time\" content=\"2026-03-27T14:49:34+00:00\" \/>\n<meta property=\"og:image\" content=\"https:\/\/zootests.fr\/wp-content\/plugins\/wpforms-lite\/assets\/images\/submit-spin.svg\" \/>\n<meta name=\"twitter:card\" content=\"summary_large_image\" \/>\n<meta name=\"twitter:label1\" content=\"Dur\u00e9e de lecture estim\u00e9e\" \/>\n\t<meta name=\"twitter:data1\" content=\"1 minute\" \/>\n<script type=\"application\/ld+json\" class=\"yoast-schema-graph\">{\"@context\":\"https:\/\/schema.org\",\"@graph\":[{\"@type\":\"WebPage\",\"@id\":\"https:\/\/zootests.fr\/fr\/contact\/\",\"url\":\"https:\/\/zootests.fr\/fr\/contact\/\",\"name\":\"Contact - Zootests\",\"isPartOf\":{\"@id\":\"https:\/\/zootests.fr\/#website\"},\"primaryImageOfPage\":{\"@id\":\"https:\/\/zootests.fr\/fr\/contact\/#primaryimage\"},\"image\":{\"@id\":\"https:\/\/zootests.fr\/fr\/contact\/#primaryimage\"},\"thumbnailUrl\":\"https:\/\/zootests.fr\/wp-content\/uploads\/2026\/02\/contact-scaled.webp\",\"datePublished\":\"2023-09-15T05:02:30+00:00\",\"dateModified\":\"2026-03-27T14:49:34+00:00\",\"breadcrumb\":{\"@id\":\"https:\/\/zootests.fr\/fr\/contact\/#breadcrumb\"},\"inLanguage\":\"fr-FR\",\"potentialAction\":[{\"@type\":\"ReadAction\",\"target\":[\"https:\/\/zootests.fr\/fr\/contact\/\"]}]},{\"@type\":\"ImageObject\",\"inLanguage\":\"fr-FR\",\"@id\":\"https:\/\/zootests.fr\/fr\/contact\/#primaryimage\",\"url\":\"https:\/\/zootests.fr\/wp-content\/uploads\/2026\/02\/contact-scaled.webp\",\"contentUrl\":\"https:\/\/zootests.fr\/wp-content\/uploads\/2026\/02\/contact-scaled.webp\",\"width\":2560,\"height\":1440},{\"@type\":\"BreadcrumbList\",\"@id\":\"https:\/\/zootests.fr\/fr\/contact\/#breadcrumb\",\"itemListElement\":[{\"@type\":\"ListItem\",\"position\":1,\"name\":\"Home\",\"item\":\"https:\/\/zootests.fr\/fr\/qui-sommes-nous\/\"},{\"@type\":\"ListItem\",\"position\":2,\"name\":\"Contact\"}]},{\"@type\":\"WebSite\",\"@id\":\"https:\/\/zootests.fr\/#website\",\"url\":\"https:\/\/zootests.fr\/\",\"name\":\"Zootests\",\"description\":\"\",\"publisher\":{\"@id\":\"https:\/\/zootests.fr\/#organization\"},\"potentialAction\":[{\"@type\":\"SearchAction\",\"target\":{\"@type\":\"EntryPoint\",\"urlTemplate\":\"https:\/\/zootests.fr\/?s={search_term_string}\"},\"query-input\":{\"@type\":\"PropertyValueSpecification\",\"valueRequired\":true,\"valueName\":\"search_term_string\"}}],\"inLanguage\":\"fr-FR\"},{\"@type\":\"Organization\",\"@id\":\"https:\/\/zootests.fr\/#organization\",\"name\":\"Zootests\",\"url\":\"https:\/\/zootests.fr\/\",\"logo\":{\"@type\":\"ImageObject\",\"inLanguage\":\"fr-FR\",\"@id\":\"https:\/\/zootests.fr\/#\/schema\/logo\/image\/\",\"url\":\"https:\/\/zootests.fr\/wp-content\/uploads\/2026\/01\/Zootests-new-logo-trans.png\",\"contentUrl\":\"https:\/\/zootests.fr\/wp-content\/uploads\/2026\/01\/Zootests-new-logo-trans.png\",\"width\":719,\"height\":329,\"caption\":\"Zootests\"},\"image\":{\"@id\":\"https:\/\/zootests.fr\/#\/schema\/logo\/image\/\"},\"sameAs\":[\"https:\/\/www.linkedin.com\/company\/zootestsfrance\"]}]}<\/script>\n<!-- \/ Yoast SEO plugin. -->","yoast_head_json":{"title":"Contact - Zootests","robots":{"index":"index","follow":"follow","max-snippet":"max-snippet:-1","max-image-preview":"max-image-preview:large","max-video-preview":"max-video-preview:-1"},"canonical":"https:\/\/zootests.fr\/fr\/contact\/","og_locale":"fr_FR","og_type":"article","og_title":"Contact - Zootests","og_description":"Addresse: 5 Rue Gabriel Calloet Kerbrat,22440 PloufraganFrance E-mail: info@zootests.fr T\u00e9l\u00e9Phone: +33 296 765 115 Contactez-nous Vous avez des questions et souhaitez en savoir plus\u00a0? N\u2019h\u00e9sitez pas \u00e0 nous contacter d\u00e8s aujourd\u2019hui\u00a0! Nous serons ravis de r\u00e9pondre \u00e0 toutes vos questions. Please enable JavaScript in your browser to complete this form.Please enable JavaScript in your browser [&hellip;]","og_url":"https:\/\/zootests.fr\/fr\/contact\/","og_site_name":"Zootests","article_modified_time":"2026-03-27T14:49:34+00:00","og_image":[{"url":"https:\/\/zootests.fr\/wp-content\/plugins\/wpforms-lite\/assets\/images\/submit-spin.svg","type":"","width":"","height":""}],"twitter_card":"summary_large_image","twitter_misc":{"Dur\u00e9e de lecture estim\u00e9e":"1 minute"},"schema":{"@context":"https:\/\/schema.org","@graph":[{"@type":"WebPage","@id":"https:\/\/zootests.fr\/fr\/contact\/","url":"https:\/\/zootests.fr\/fr\/contact\/","name":"Contact - Zootests","isPartOf":{"@id":"https:\/\/zootests.fr\/#website"},"primaryImageOfPage":{"@id":"https:\/\/zootests.fr\/fr\/contact\/#primaryimage"},"image":{"@id":"https:\/\/zootests.fr\/fr\/contact\/#primaryimage"},"thumbnailUrl":"https:\/\/zootests.fr\/wp-content\/uploads\/2026\/02\/contact-scaled.webp","datePublished":"2023-09-15T05:02:30+00:00","dateModified":"2026-03-27T14:49:34+00:00","breadcrumb":{"@id":"https:\/\/zootests.fr\/fr\/contact\/#breadcrumb"},"inLanguage":"fr-FR","potentialAction":[{"@type":"ReadAction","target":["https:\/\/zootests.fr\/fr\/contact\/"]}]},{"@type":"ImageObject","inLanguage":"fr-FR","@id":"https:\/\/zootests.fr\/fr\/contact\/#primaryimage","url":"https:\/\/zootests.fr\/wp-content\/uploads\/2026\/02\/contact-scaled.webp","contentUrl":"https:\/\/zootests.fr\/wp-content\/uploads\/2026\/02\/contact-scaled.webp","width":2560,"height":1440},{"@type":"BreadcrumbList","@id":"https:\/\/zootests.fr\/fr\/contact\/#breadcrumb","itemListElement":[{"@type":"ListItem","position":1,"name":"Home","item":"https:\/\/zootests.fr\/fr\/qui-sommes-nous\/"},{"@type":"ListItem","position":2,"name":"Contact"}]},{"@type":"WebSite","@id":"https:\/\/zootests.fr\/#website","url":"https:\/\/zootests.fr\/","name":"Zootests","description":"","publisher":{"@id":"https:\/\/zootests.fr\/#organization"},"potentialAction":[{"@type":"SearchAction","target":{"@type":"EntryPoint","urlTemplate":"https:\/\/zootests.fr\/?s={search_term_string}"},"query-input":{"@type":"PropertyValueSpecification","valueRequired":true,"valueName":"search_term_string"}}],"inLanguage":"fr-FR"},{"@type":"Organization","@id":"https:\/\/zootests.fr\/#organization","name":"Zootests","url":"https:\/\/zootests.fr\/","logo":{"@type":"ImageObject","inLanguage":"fr-FR","@id":"https:\/\/zootests.fr\/#\/schema\/logo\/image\/","url":"https:\/\/zootests.fr\/wp-content\/uploads\/2026\/01\/Zootests-new-logo-trans.png","contentUrl":"https:\/\/zootests.fr\/wp-content\/uploads\/2026\/01\/Zootests-new-logo-trans.png","width":719,"height":329,"caption":"Zootests"},"image":{"@id":"https:\/\/zootests.fr\/#\/schema\/logo\/image\/"},"sameAs":["https:\/\/www.linkedin.com\/company\/zootestsfrance"]}]}},"_links":{"self":[{"href":"https:\/\/zootests.fr\/fr\/wp-json\/wp\/v2\/pages\/1070","targetHints":{"allow":["GET"]}}],"collection":[{"href":"https:\/\/zootests.fr\/fr\/wp-json\/wp\/v2\/pages"}],"about":[{"href":"https:\/\/zootests.fr\/fr\/wp-json\/wp\/v2\/types\/page"}],"author":[{"embeddable":true,"href":"https:\/\/zootests.fr\/fr\/wp-json\/wp\/v2\/users\/1"}],"replies":[{"embeddable":true,"href":"https:\/\/zootests.fr\/fr\/wp-json\/wp\/v2\/comments?post=1070"}],"version-history":[{"count":34,"href":"https:\/\/zootests.fr\/fr\/wp-json\/wp\/v2\/pages\/1070\/revisions"}],"predecessor-version":[{"id":1591,"href":"https:\/\/zootests.fr\/fr\/wp-json\/wp\/v2\/pages\/1070\/revisions\/1591"}],"wp:featuredmedia":[{"embeddable":true,"href":"https:\/\/zootests.fr\/fr\/wp-json\/wp\/v2\/media\/1524"}],"wp:attachment":[{"href":"https:\/\/zootests.fr\/fr\/wp-json\/wp\/v2\/media?parent=1070"}],"curies":[{"name":"wp","href":"https:\/\/api.w.org\/{rel}","templated":true}]}}