{"id":1076,"date":"2023-09-27T04:31:34","date_gmt":"2023-09-27T04:31:34","guid":{"rendered":"https:\/\/zootests.fr\/news\/"},"modified":"2026-02-11T14:12:55","modified_gmt":"2026-02-11T14:12:55","slug":"actualites","status":"publish","type":"page","link":"https:\/\/zootests.fr\/fr\/actualites\/","title":{"rendered":"Actualit\u00e9s"},"content":{"rendered":"\t\t<div data-elementor-type=\"wp-page\" data-elementor-id=\"1076\" class=\"elementor elementor-1076 elementor-130\">\n\t\t\t\t\t\t<section class=\"elementor-section elementor-top-section elementor-element elementor-element-59bbe464 elementor-section-full_width elementor-section-height-min-height full-width-bg pbmit-bg-image-over-color pbmit-col-stretched-none elementor-section-height-default elementor-section-items-middle\" data-id=\"59bbe464\" data-element_type=\"section\" data-e-type=\"section\" data-settings=\"{&quot;background_background&quot;:&quot;classic&quot;}\">\n\t\t\t\t\t\t<div class=\"elementor-container elementor-column-gap-no\">\n\t\t\t\t\t<div class=\"elementor-column elementor-col-100 elementor-top-column elementor-element elementor-element-2fa3cb7e pbmit-bg-color-over-image\" data-id=\"2fa3cb7e\" data-element_type=\"column\" data-e-type=\"column\">\n\t\t\t<div class=\"elementor-widget-wrap\">\n\t\t\t\t\t\t\t<\/div>\n\t\t<\/div>\n\t\t\t\t\t<\/div>\n\t\t<\/section>\n\t\t\t\t<div class=\"elementor-section elementor-top-section elementor-element elementor-element-3cb53f1 pbmit-bg-image-over-color pbmit-col-stretched-none elementor-section-boxed elementor-section-height-default elementor-section-height-default\" data-id=\"3cb53f1\" data-element_type=\"section\" data-e-type=\"section\">\n\t\t\t\t\t\t<div class=\"elementor-container elementor-column-gap-no\">\n\t\t\t\t\t<div class=\"elementor-column elementor-col-100 elementor-top-column elementor-element elementor-element-acd8a35 pbmit-bg-color-over-image\" data-id=\"acd8a35\" data-element_type=\"column\" data-e-type=\"column\">\n\t\t\t<div class=\"elementor-widget-wrap elementor-element-populated\">\n\t\t\t\t\t\t<div class=\"elementor-element elementor-element-a9f2807 animated-slow elementor-invisible elementor-widget elementor-widget-pbmit_blog_element\" data-id=\"a9f2807\" data-element_type=\"widget\" data-e-type=\"widget\" data-settings=\"{&quot;_animation&quot;:&quot;fadeInRight&quot;}\" data-widget_type=\"pbmit_blog_element.default\">\n\t\t\t\t<div class=\"elementor-widget-container\">\n\t\t\t\t\t\r\n\t\t\t<div class=\"pbminfotech-element\r\n\t\t\t\tpbminfotech-element-blog\t\t\t\tpbmit-element-blog-style-1\t\t\t\tpbmit-element-viewtype-row-column\t\t\t\tpbmit-element-column-two\t\t\t\tpbmit-element-sticky-carousel-false\t\t\t\tpbmit-element-caroursel-dot-false\t\t\t\tpbmit-infinite-scroll-no\t\t\t\tpbmit-infinite-scroll-button-no\t\t\t\t\t\t\t\t\t\t\t\t\t\t\t\t\"\r\n\r\n\t\t\t\tdata-cpt=\"blog\"\r\n\t\t\t\tdata-totalpagination=\"1\"\r\n\t\t\t\tdata-style=\"1\"\r\n\t\t\t\tdata-show=\"6\"\r\n\t\t\t\tdata-columns=\"2\"\r\n\t\t\t\tdata-loop=\"false\"\r\n\t\t\t\tdata-autoplay=\"false\"\r\n\t\t\t\tdata-center=\"false\"\r\n\t\t\t\tdata-nav=\"false\"\r\n\t\t\t\tdata-dots=\"false\"\r\n\t\t\t\tdata-reverse=\"false\"\r\n\t\t\t\tdata-speed=\"1000\"\r\n\t\t\t\tdata-marquee-speed=\"12000\"\r\n\t\t\t\tdata-delay=\"4000\"\r\n\t\t\t\tdata-margin=\"\"\r\n\t\t\t\tdata-show-portion=\"false\">\r\n\r\n\t\t\t\t<div class=\"pbmit-element-inner\">\r\n\t\t\t\r\n\r\n\t\t\t\r\n\t\t<div class=\"pbmit-ele-header-area\">\r\n\t\t\t <div class=\"pbmit-heading-subheading pbmit-heading-subheading-style-1 pbmit-reverse-heading-yes animation-style4\"><\/div>\t\t\t\t\t<\/div>\r\n\r\n\t\t<div class=\"pbmit-infinite-scroll-data\">{\"cpt\":\"blog\",\"style\":\"1\",\"columns\":\"2\",\"show\":\"6\",\"order\":\"ASC\",\"orderby\":\"date\"}<\/div>\r\n\t\t\t<div class=\"pbmit-element-posts-wrapper row multi-columns-row \">\r\n\t\t\t\t\r\n\t\t\t\t<article class=\"pbmit-ele pbmit-ele-blog pbmit-blog-style-1 col-md-6 actualites pbmit-term-105 pbmit-odd pbmit-col-odd\"><div class=\"post-item\">\r\n\t<div class=\"pbminfotech-box-content\">\r\n\t\t<div class=\"pbmit-featured-container\">\r\n\t\t\t<div class=\"pbmit-featured-img-wrapper\"><div class=\"pbmit-featured-wrapper\"><a href=\"https:\/\/zootests.fr\/fr\/devoilez-lensemble-du-profil-de-la-qualite-des-oeufs-avec-zootests\/actualites\/\"><img fetchpriority=\"high\" decoding=\"async\" width=\"400\" height=\"250\" src=\"https:\/\/zootests.fr\/wp-content\/uploads\/2026\/01\/egg-quality-featured-400x250-1.jpg\" class=\"attachment-pbmit-img-890x660 size-pbmit-img-890x660 wp-post-image\" alt=\"Eggs under microscope\" srcset=\"https:\/\/zootests.fr\/wp-content\/uploads\/2026\/01\/egg-quality-featured-400x250-1.jpg 400w, https:\/\/zootests.fr\/wp-content\/uploads\/2026\/01\/egg-quality-featured-400x250-1-300x188.jpg 300w\" sizes=\"(max-width: 400px) 100vw, 400px\" \/><\/a><\/div><\/div>\t\t\t<a class=\"pbmit-blog-btn\" href=\"https:\/\/zootests.fr\/fr\/devoilez-lensemble-du-profil-de-la-qualite-des-oeufs-avec-zootests\/actualites\/\" title=\"Go to D\u00e9voilez l\u2019ensemble du profil de la qualit\u00e9 des \u0153ufs avec Zootests\"><span class=\"pbmit-button-icon-wrapper\"><span class=\"pbmit-button-icon\"><i class=\"pbmit-base-icon-black-arrow-1\"><\/i><\/span><\/span><\/a>\r\n\t\t\t<div class=\"pbmit-meta-cat-wrapper pbmit-meta-line\">\r\n\t\t\t\t<div class=\"pbmit-meta-category\"><a href=\"https:\/\/zootests.fr\/fr\/category\/actualites\/\" rel=\"category tag\">Actualit\u00e9s<\/a><\/div>\r\n\t\t\t<\/div>\r\n\t\t\t\t\t\t\t\t\t<a class=\"pbmit-link\" href=\"https:\/\/zootests.fr\/fr\/devoilez-lensemble-du-profil-de-la-qualite-des-oeufs-avec-zootests\/actualites\/\" title=\"Go to D\u00e9voilez l\u2019ensemble du profil de la qualit\u00e9 des \u0153ufs avec Zootests\"><\/a>\r\n\t\t<\/div>\r\n\t\t<div class=\"pbmit-category-date-wraper d-flex align-items-center\">\r\n\t\t\t<div class=\"pbmit-meta-date-wrapper pbmit-meta-line\">\r\n\t\t\t\t<div class=\"pbmit-meta-date\">\r\n\t\t\t\t\t<span class=\"pbmit-post-date\"><i class=\"pbmit-base-icon-calendar-3\"><\/i>f\u00e9vrier  03. 2026<\/span>\r\n\t\t\t\t<\/div>\r\n\t\t\t<\/div>\r\n\t\t\t<div class=\"pbmit-meta-author pbmit-meta-line\">\r\n\t\t\t\t<span class=\"pbmit-post-author\"><i class=\"pbmit-base-icon-user-3\"><\/i>norbert.ferenczi<\/span>\r\n\t\t\t<\/div>\r\n\t\t<\/div>\r\n\t\t<div class=\"pbmit-content-wrapper\">\r\n\t\t\t<h3 class=\"pbmit-post-title\"><a href=\"https:\/\/zootests.fr\/fr\/devoilez-lensemble-du-profil-de-la-qualite-des-oeufs-avec-zootests\/actualites\/\">D\u00e9voilez l\u2019ensemble du profil de la qualit\u00e9 des \u0153ufs avec Zootests<\/a><\/h3>\r\n\t\t<\/div>\r\n\t<\/div>\r\n<\/div><\/article><article class=\"pbmit-ele pbmit-ele-blog pbmit-blog-style-1 col-md-6 actualites pbmit-term-105 pbmit-even pbmit-col-odd\"><div class=\"post-item\">\r\n\t<div class=\"pbminfotech-box-content\">\r\n\t\t<div class=\"pbmit-featured-container\">\r\n\t\t\t<div class=\"pbmit-featured-img-wrapper\"><div class=\"pbmit-featured-wrapper\"><a href=\"https:\/\/zootests.fr\/fr\/la-qualite-de-la-viande-compte-et-nous-la-mesurons-avec-precision\/actualites\/\"><img decoding=\"async\" width=\"400\" height=\"250\" src=\"https:\/\/zootests.fr\/wp-content\/uploads\/2026\/01\/meet-quality-matters-featured-400x250-1.jpg\" class=\"attachment-pbmit-img-890x660 size-pbmit-img-890x660 wp-post-image\" alt=\"meat and blue gloves\" srcset=\"https:\/\/zootests.fr\/wp-content\/uploads\/2026\/01\/meet-quality-matters-featured-400x250-1.jpg 400w, https:\/\/zootests.fr\/wp-content\/uploads\/2026\/01\/meet-quality-matters-featured-400x250-1-300x188.jpg 300w\" sizes=\"(max-width: 400px) 100vw, 400px\" \/><\/a><\/div><\/div>\t\t\t<a class=\"pbmit-blog-btn\" href=\"https:\/\/zootests.fr\/fr\/la-qualite-de-la-viande-compte-et-nous-la-mesurons-avec-precision\/actualites\/\" title=\"Go to La qualit\u00e9 de la viande compte \u2014 et nous la mesurons avec pr\u00e9cision\"><span class=\"pbmit-button-icon-wrapper\"><span class=\"pbmit-button-icon\"><i class=\"pbmit-base-icon-black-arrow-1\"><\/i><\/span><\/span><\/a>\r\n\t\t\t<div class=\"pbmit-meta-cat-wrapper pbmit-meta-line\">\r\n\t\t\t\t<div class=\"pbmit-meta-category\"><a href=\"https:\/\/zootests.fr\/fr\/category\/actualites\/\" rel=\"category tag\">Actualit\u00e9s<\/a><\/div>\r\n\t\t\t<\/div>\r\n\t\t\t\t\t\t\t\t\t<a class=\"pbmit-link\" href=\"https:\/\/zootests.fr\/fr\/la-qualite-de-la-viande-compte-et-nous-la-mesurons-avec-precision\/actualites\/\" title=\"Go to La qualit\u00e9 de la viande compte \u2014 et nous la mesurons avec pr\u00e9cision\"><\/a>\r\n\t\t<\/div>\r\n\t\t<div class=\"pbmit-category-date-wraper d-flex align-items-center\">\r\n\t\t\t<div class=\"pbmit-meta-date-wrapper pbmit-meta-line\">\r\n\t\t\t\t<div class=\"pbmit-meta-date\">\r\n\t\t\t\t\t<span class=\"pbmit-post-date\"><i class=\"pbmit-base-icon-calendar-3\"><\/i>f\u00e9vrier  03. 2026<\/span>\r\n\t\t\t\t<\/div>\r\n\t\t\t<\/div>\r\n\t\t\t<div class=\"pbmit-meta-author pbmit-meta-line\">\r\n\t\t\t\t<span class=\"pbmit-post-author\"><i class=\"pbmit-base-icon-user-3\"><\/i>norbert.ferenczi<\/span>\r\n\t\t\t<\/div>\r\n\t\t<\/div>\r\n\t\t<div class=\"pbmit-content-wrapper\">\r\n\t\t\t<h3 class=\"pbmit-post-title\"><a href=\"https:\/\/zootests.fr\/fr\/la-qualite-de-la-viande-compte-et-nous-la-mesurons-avec-precision\/actualites\/\">La qualit\u00e9 de la viande compte \u2014 et nous la mesurons avec pr\u00e9cision<\/a><\/h3>\r\n\t\t<\/div>\r\n\t<\/div>\r\n<\/div><\/article><article class=\"pbmit-ele pbmit-ele-blog pbmit-blog-style-1 col-md-6 actualites pbmit-term-105 pbmit-odd pbmit-col-even\"><div class=\"post-item\">\r\n\t<div class=\"pbminfotech-box-content\">\r\n\t\t<div class=\"pbmit-featured-container\">\r\n\t\t\t<div class=\"pbmit-featured-img-wrapper\"><div class=\"pbmit-featured-wrapper\"><a href=\"https:\/\/zootests.fr\/fr\/la-qualite-osseuse-compte-laissez-parler-les-donnees\/actualites\/\"><img decoding=\"async\" width=\"400\" height=\"250\" src=\"https:\/\/zootests.fr\/wp-content\/uploads\/2026\/01\/bone-quality-matters-featured-400x250-1.jpg\" class=\"attachment-pbmit-img-890x660 size-pbmit-img-890x660 wp-post-image\" alt=\"chicken heads\" srcset=\"https:\/\/zootests.fr\/wp-content\/uploads\/2026\/01\/bone-quality-matters-featured-400x250-1.jpg 400w, https:\/\/zootests.fr\/wp-content\/uploads\/2026\/01\/bone-quality-matters-featured-400x250-1-300x188.jpg 300w\" sizes=\"(max-width: 400px) 100vw, 400px\" \/><\/a><\/div><\/div>\t\t\t<a class=\"pbmit-blog-btn\" href=\"https:\/\/zootests.fr\/fr\/la-qualite-osseuse-compte-laissez-parler-les-donnees\/actualites\/\" title=\"Go to La qualit\u00e9 osseuse compte \u2013 laissez parler les donn\u00e9es !\"><span class=\"pbmit-button-icon-wrapper\"><span class=\"pbmit-button-icon\"><i class=\"pbmit-base-icon-black-arrow-1\"><\/i><\/span><\/span><\/a>\r\n\t\t\t<div class=\"pbmit-meta-cat-wrapper pbmit-meta-line\">\r\n\t\t\t\t<div class=\"pbmit-meta-category\"><a href=\"https:\/\/zootests.fr\/fr\/category\/actualites\/\" rel=\"category tag\">Actualit\u00e9s<\/a><\/div>\r\n\t\t\t<\/div>\r\n\t\t\t\t\t\t\t\t\t<a class=\"pbmit-link\" href=\"https:\/\/zootests.fr\/fr\/la-qualite-osseuse-compte-laissez-parler-les-donnees\/actualites\/\" title=\"Go to La qualit\u00e9 osseuse compte \u2013 laissez parler les donn\u00e9es !\"><\/a>\r\n\t\t<\/div>\r\n\t\t<div class=\"pbmit-category-date-wraper d-flex align-items-center\">\r\n\t\t\t<div class=\"pbmit-meta-date-wrapper pbmit-meta-line\">\r\n\t\t\t\t<div class=\"pbmit-meta-date\">\r\n\t\t\t\t\t<span class=\"pbmit-post-date\"><i class=\"pbmit-base-icon-calendar-3\"><\/i>f\u00e9vrier  03. 2026<\/span>\r\n\t\t\t\t<\/div>\r\n\t\t\t<\/div>\r\n\t\t\t<div class=\"pbmit-meta-author pbmit-meta-line\">\r\n\t\t\t\t<span class=\"pbmit-post-author\"><i class=\"pbmit-base-icon-user-3\"><\/i>norbert.ferenczi<\/span>\r\n\t\t\t<\/div>\r\n\t\t<\/div>\r\n\t\t<div class=\"pbmit-content-wrapper\">\r\n\t\t\t<h3 class=\"pbmit-post-title\"><a href=\"https:\/\/zootests.fr\/fr\/la-qualite-osseuse-compte-laissez-parler-les-donnees\/actualites\/\">La qualit\u00e9 osseuse compte \u2013 laissez parler les donn\u00e9es !<\/a><\/h3>\r\n\t\t<\/div>\r\n\t<\/div>\r\n<\/div><\/article><article class=\"pbmit-ele pbmit-ele-blog pbmit-blog-style-1 col-md-6 actualites pbmit-term-105 pbmit-even pbmit-col-even\"><div class=\"post-item\">\r\n\t<div class=\"pbminfotech-box-content\">\r\n\t\t<div class=\"pbmit-featured-container\">\r\n\t\t\t<div class=\"pbmit-featured-img-wrapper\"><div class=\"pbmit-featured-wrapper\"><a href=\"https:\/\/zootests.fr\/fr\/des-solutions-danalyse-completes-pour-la-recherche-zootechnique\/actualites\/\"><img loading=\"lazy\" decoding=\"async\" width=\"400\" height=\"250\" src=\"https:\/\/zootests.fr\/wp-content\/uploads\/2026\/01\/zootechnical-research-featured-400x250-1.jpg\" class=\"attachment-pbmit-img-890x660 size-pbmit-img-890x660 wp-post-image\" alt=\"Goats staring\" srcset=\"https:\/\/zootests.fr\/wp-content\/uploads\/2026\/01\/zootechnical-research-featured-400x250-1.jpg 400w, https:\/\/zootests.fr\/wp-content\/uploads\/2026\/01\/zootechnical-research-featured-400x250-1-300x188.jpg 300w\" sizes=\"(max-width: 400px) 100vw, 400px\" \/><\/a><\/div><\/div>\t\t\t<a class=\"pbmit-blog-btn\" href=\"https:\/\/zootests.fr\/fr\/des-solutions-danalyse-completes-pour-la-recherche-zootechnique\/actualites\/\" title=\"Go to Des solutions d\u2019analyse compl\u00e8tes pour la recherche zootechnique.\"><span class=\"pbmit-button-icon-wrapper\"><span class=\"pbmit-button-icon\"><i class=\"pbmit-base-icon-black-arrow-1\"><\/i><\/span><\/span><\/a>\r\n\t\t\t<div class=\"pbmit-meta-cat-wrapper pbmit-meta-line\">\r\n\t\t\t\t<div class=\"pbmit-meta-category\"><a href=\"https:\/\/zootests.fr\/fr\/category\/actualites\/\" rel=\"category tag\">Actualit\u00e9s<\/a><\/div>\r\n\t\t\t<\/div>\r\n\t\t\t\t\t\t\t\t\t<a class=\"pbmit-link\" href=\"https:\/\/zootests.fr\/fr\/des-solutions-danalyse-completes-pour-la-recherche-zootechnique\/actualites\/\" title=\"Go to Des solutions d\u2019analyse compl\u00e8tes pour la recherche zootechnique.\"><\/a>\r\n\t\t<\/div>\r\n\t\t<div class=\"pbmit-category-date-wraper d-flex align-items-center\">\r\n\t\t\t<div class=\"pbmit-meta-date-wrapper pbmit-meta-line\">\r\n\t\t\t\t<div class=\"pbmit-meta-date\">\r\n\t\t\t\t\t<span class=\"pbmit-post-date\"><i class=\"pbmit-base-icon-calendar-3\"><\/i>f\u00e9vrier  03. 2026<\/span>\r\n\t\t\t\t<\/div>\r\n\t\t\t<\/div>\r\n\t\t\t<div class=\"pbmit-meta-author pbmit-meta-line\">\r\n\t\t\t\t<span class=\"pbmit-post-author\"><i class=\"pbmit-base-icon-user-3\"><\/i>norbert.ferenczi<\/span>\r\n\t\t\t<\/div>\r\n\t\t<\/div>\r\n\t\t<div class=\"pbmit-content-wrapper\">\r\n\t\t\t<h3 class=\"pbmit-post-title\"><a href=\"https:\/\/zootests.fr\/fr\/des-solutions-danalyse-completes-pour-la-recherche-zootechnique\/actualites\/\">Des solutions d\u2019analyse compl\u00e8tes pour la recherche zootechnique.<\/a><\/h3>\r\n\t\t<\/div>\r\n\t<\/div>\r\n<\/div><\/article>\r\n\t\t\t<\/div> <!-- .pbmit-element-posts-wrapper -->\r\n\r\n\t\t\t\r\n\t\t\t\r\n\t\t\r\n\t\t\r\n\t\t\t\t\t\t<\/div><!-- .pbmit-element-inner -->\r\n\t\t\t<\/div><!-- .pbminfotech-element -->\r\n\r\n\t\t\t\r\n\t\t\t\t\t\t<\/div>\n\t\t\t\t<\/div>\n\t\t\t\t\t<\/div>\n\t\t<\/div>\n\t\t\t\t\t<\/div>\n\t\t<\/div>\n\t\t\t\t<\/div>\n\t\t","protected":false},"excerpt":{"rendered":"<p>{\u00ab\u00a0cpt\u00a0\u00bb:\u00a0\u00bbblog\u00a0\u00bb,\u00a0\u00bbstyle\u00a0\u00bb:\u00a0\u00bb1&Prime;,\u00a0\u00bbcolumns\u00a0\u00bb:\u00a0\u00bb2&Prime;,\u00a0\u00bbshow\u00a0\u00bb:\u00a0\u00bb6&Prime;,\u00a0\u00bborder\u00a0\u00bb:\u00a0\u00bbASC\u00a0\u00bb,\u00a0\u00bborderby\u00a0\u00bb:\u00a0\u00bbdate\u00a0\u00bb} Actualit\u00e9s February 03. 2026 norbert.ferenczi D\u00e9voilez l\u2019ensemble du profil de la qualit\u00e9 des \u0153ufs avec Zootests Actualit\u00e9s February 03. 2026 norbert.ferenczi La qualit\u00e9 de la viande compte \u2014 et nous la mesurons avec pr\u00e9cision Actualit\u00e9s February 03. 2026 norbert.ferenczi La qualit\u00e9 osseuse compte \u2013 laissez parler les donn\u00e9es ! Actualit\u00e9s February 03. 2026 norbert.ferenczi [&hellip;]<\/p>\n","protected":false},"author":1,"featured_media":1520,"parent":0,"menu_order":28,"comment_status":"closed","ping_status":"closed","template":"","meta":{"_acf_changed":false,"inline_featured_image":false,"footnotes":""},"class_list":["post-1076","page","type-page","status-publish","has-post-thumbnail","hentry"],"acf":[],"yoast_head":"<!-- This site is optimized with the Yoast SEO plugin v27.0 - https:\/\/yoast.com\/product\/yoast-seo-wordpress\/ -->\n<title>Actualit\u00e9s - Zootests<\/title>\n<meta name=\"robots\" content=\"index, follow, max-snippet:-1, max-image-preview:large, max-video-preview:-1\" \/>\n<link rel=\"canonical\" href=\"https:\/\/zootests.fr\/fr\/actualites\/\" \/>\n<meta property=\"og:locale\" content=\"fr_FR\" \/>\n<meta property=\"og:type\" content=\"article\" \/>\n<meta property=\"og:title\" content=\"Actualit\u00e9s - Zootests\" \/>\n<meta property=\"og:description\" content=\"{\u00ab\u00a0cpt\u00a0\u00bb:\u00a0\u00bbblog\u00a0\u00bb,\u00a0\u00bbstyle\u00a0\u00bb:\u00a0\u00bb1&Prime;,\u00a0\u00bbcolumns\u00a0\u00bb:\u00a0\u00bb2&Prime;,\u00a0\u00bbshow\u00a0\u00bb:\u00a0\u00bb6&Prime;,\u00a0\u00bborder\u00a0\u00bb:\u00a0\u00bbASC\u00a0\u00bb,\u00a0\u00bborderby\u00a0\u00bb:\u00a0\u00bbdate\u00a0\u00bb} Actualit\u00e9s February 03. 2026 norbert.ferenczi D\u00e9voilez l\u2019ensemble du profil de la qualit\u00e9 des \u0153ufs avec Zootests Actualit\u00e9s February 03. 2026 norbert.ferenczi La qualit\u00e9 de la viande compte \u2014 et nous la mesurons avec pr\u00e9cision Actualit\u00e9s February 03. 2026 norbert.ferenczi La qualit\u00e9 osseuse compte \u2013 laissez parler les donn\u00e9es ! Actualit\u00e9s February 03. 2026 norbert.ferenczi [&hellip;]\" \/>\n<meta property=\"og:url\" content=\"https:\/\/zootests.fr\/fr\/actualites\/\" \/>\n<meta property=\"og:site_name\" content=\"Zootests\" \/>\n<meta property=\"article:modified_time\" content=\"2026-02-11T14:12:55+00:00\" \/>\n<meta property=\"og:image\" content=\"https:\/\/zootests.fr\/wp-content\/uploads\/2026\/01\/egg-quality-featured-400x250-1.jpg\" \/>\n<meta name=\"twitter:card\" content=\"summary_large_image\" \/>\n<script type=\"application\/ld+json\" class=\"yoast-schema-graph\">{\"@context\":\"https:\/\/schema.org\",\"@graph\":[{\"@type\":\"WebPage\",\"@id\":\"https:\/\/zootests.fr\/fr\/actualites\/\",\"url\":\"https:\/\/zootests.fr\/fr\/actualites\/\",\"name\":\"Actualit\u00e9s - Zootests\",\"isPartOf\":{\"@id\":\"https:\/\/zootests.fr\/#website\"},\"primaryImageOfPage\":{\"@id\":\"https:\/\/zootests.fr\/fr\/actualites\/#primaryimage\"},\"image\":{\"@id\":\"https:\/\/zootests.fr\/fr\/actualites\/#primaryimage\"},\"thumbnailUrl\":\"https:\/\/zootests.fr\/wp-content\/uploads\/2026\/02\/news-2.png\",\"datePublished\":\"2023-09-27T04:31:34+00:00\",\"dateModified\":\"2026-02-11T14:12:55+00:00\",\"breadcrumb\":{\"@id\":\"https:\/\/zootests.fr\/fr\/actualites\/#breadcrumb\"},\"inLanguage\":\"fr-FR\",\"potentialAction\":[{\"@type\":\"ReadAction\",\"target\":[\"https:\/\/zootests.fr\/fr\/actualites\/\"]}]},{\"@type\":\"ImageObject\",\"inLanguage\":\"fr-FR\",\"@id\":\"https:\/\/zootests.fr\/fr\/actualites\/#primaryimage\",\"url\":\"https:\/\/zootests.fr\/wp-content\/uploads\/2026\/02\/news-2.png\",\"contentUrl\":\"https:\/\/zootests.fr\/wp-content\/uploads\/2026\/02\/news-2.png\",\"width\":1920,\"height\":1080},{\"@type\":\"BreadcrumbList\",\"@id\":\"https:\/\/zootests.fr\/fr\/actualites\/#breadcrumb\",\"itemListElement\":[{\"@type\":\"ListItem\",\"position\":1,\"name\":\"Home\",\"item\":\"https:\/\/zootests.fr\/fr\/qui-sommes-nous\/\"},{\"@type\":\"ListItem\",\"position\":2,\"name\":\"Actualit\u00e9s\"}]},{\"@type\":\"WebSite\",\"@id\":\"https:\/\/zootests.fr\/#website\",\"url\":\"https:\/\/zootests.fr\/\",\"name\":\"Zootests\",\"description\":\"\",\"publisher\":{\"@id\":\"https:\/\/zootests.fr\/#organization\"},\"potentialAction\":[{\"@type\":\"SearchAction\",\"target\":{\"@type\":\"EntryPoint\",\"urlTemplate\":\"https:\/\/zootests.fr\/?s={search_term_string}\"},\"query-input\":{\"@type\":\"PropertyValueSpecification\",\"valueRequired\":true,\"valueName\":\"search_term_string\"}}],\"inLanguage\":\"fr-FR\"},{\"@type\":\"Organization\",\"@id\":\"https:\/\/zootests.fr\/#organization\",\"name\":\"Zootests\",\"url\":\"https:\/\/zootests.fr\/\",\"logo\":{\"@type\":\"ImageObject\",\"inLanguage\":\"fr-FR\",\"@id\":\"https:\/\/zootests.fr\/#\/schema\/logo\/image\/\",\"url\":\"https:\/\/zootests.fr\/wp-content\/uploads\/2026\/01\/Zootests-new-logo-trans.png\",\"contentUrl\":\"https:\/\/zootests.fr\/wp-content\/uploads\/2026\/01\/Zootests-new-logo-trans.png\",\"width\":719,\"height\":329,\"caption\":\"Zootests\"},\"image\":{\"@id\":\"https:\/\/zootests.fr\/#\/schema\/logo\/image\/\"},\"sameAs\":[\"https:\/\/www.linkedin.com\/company\/zootestsfrance\"]}]}<\/script>\n<!-- \/ Yoast SEO plugin. -->","yoast_head_json":{"title":"Actualit\u00e9s - Zootests","robots":{"index":"index","follow":"follow","max-snippet":"max-snippet:-1","max-image-preview":"max-image-preview:large","max-video-preview":"max-video-preview:-1"},"canonical":"https:\/\/zootests.fr\/fr\/actualites\/","og_locale":"fr_FR","og_type":"article","og_title":"Actualit\u00e9s - Zootests","og_description":"{\u00ab\u00a0cpt\u00a0\u00bb:\u00a0\u00bbblog\u00a0\u00bb,\u00a0\u00bbstyle\u00a0\u00bb:\u00a0\u00bb1&Prime;,\u00a0\u00bbcolumns\u00a0\u00bb:\u00a0\u00bb2&Prime;,\u00a0\u00bbshow\u00a0\u00bb:\u00a0\u00bb6&Prime;,\u00a0\u00bborder\u00a0\u00bb:\u00a0\u00bbASC\u00a0\u00bb,\u00a0\u00bborderby\u00a0\u00bb:\u00a0\u00bbdate\u00a0\u00bb} Actualit\u00e9s February 03. 2026 norbert.ferenczi D\u00e9voilez l\u2019ensemble du profil de la qualit\u00e9 des \u0153ufs avec Zootests Actualit\u00e9s February 03. 2026 norbert.ferenczi La qualit\u00e9 de la viande compte \u2014 et nous la mesurons avec pr\u00e9cision Actualit\u00e9s February 03. 2026 norbert.ferenczi La qualit\u00e9 osseuse compte \u2013 laissez parler les donn\u00e9es ! Actualit\u00e9s February 03. 2026 norbert.ferenczi [&hellip;]","og_url":"https:\/\/zootests.fr\/fr\/actualites\/","og_site_name":"Zootests","article_modified_time":"2026-02-11T14:12:55+00:00","og_image":[{"url":"https:\/\/zootests.fr\/wp-content\/uploads\/2026\/01\/egg-quality-featured-400x250-1.jpg","type":"","width":"","height":""}],"twitter_card":"summary_large_image","schema":{"@context":"https:\/\/schema.org","@graph":[{"@type":"WebPage","@id":"https:\/\/zootests.fr\/fr\/actualites\/","url":"https:\/\/zootests.fr\/fr\/actualites\/","name":"Actualit\u00e9s - Zootests","isPartOf":{"@id":"https:\/\/zootests.fr\/#website"},"primaryImageOfPage":{"@id":"https:\/\/zootests.fr\/fr\/actualites\/#primaryimage"},"image":{"@id":"https:\/\/zootests.fr\/fr\/actualites\/#primaryimage"},"thumbnailUrl":"https:\/\/zootests.fr\/wp-content\/uploads\/2026\/02\/news-2.png","datePublished":"2023-09-27T04:31:34+00:00","dateModified":"2026-02-11T14:12:55+00:00","breadcrumb":{"@id":"https:\/\/zootests.fr\/fr\/actualites\/#breadcrumb"},"inLanguage":"fr-FR","potentialAction":[{"@type":"ReadAction","target":["https:\/\/zootests.fr\/fr\/actualites\/"]}]},{"@type":"ImageObject","inLanguage":"fr-FR","@id":"https:\/\/zootests.fr\/fr\/actualites\/#primaryimage","url":"https:\/\/zootests.fr\/wp-content\/uploads\/2026\/02\/news-2.png","contentUrl":"https:\/\/zootests.fr\/wp-content\/uploads\/2026\/02\/news-2.png","width":1920,"height":1080},{"@type":"BreadcrumbList","@id":"https:\/\/zootests.fr\/fr\/actualites\/#breadcrumb","itemListElement":[{"@type":"ListItem","position":1,"name":"Home","item":"https:\/\/zootests.fr\/fr\/qui-sommes-nous\/"},{"@type":"ListItem","position":2,"name":"Actualit\u00e9s"}]},{"@type":"WebSite","@id":"https:\/\/zootests.fr\/#website","url":"https:\/\/zootests.fr\/","name":"Zootests","description":"","publisher":{"@id":"https:\/\/zootests.fr\/#organization"},"potentialAction":[{"@type":"SearchAction","target":{"@type":"EntryPoint","urlTemplate":"https:\/\/zootests.fr\/?s={search_term_string}"},"query-input":{"@type":"PropertyValueSpecification","valueRequired":true,"valueName":"search_term_string"}}],"inLanguage":"fr-FR"},{"@type":"Organization","@id":"https:\/\/zootests.fr\/#organization","name":"Zootests","url":"https:\/\/zootests.fr\/","logo":{"@type":"ImageObject","inLanguage":"fr-FR","@id":"https:\/\/zootests.fr\/#\/schema\/logo\/image\/","url":"https:\/\/zootests.fr\/wp-content\/uploads\/2026\/01\/Zootests-new-logo-trans.png","contentUrl":"https:\/\/zootests.fr\/wp-content\/uploads\/2026\/01\/Zootests-new-logo-trans.png","width":719,"height":329,"caption":"Zootests"},"image":{"@id":"https:\/\/zootests.fr\/#\/schema\/logo\/image\/"},"sameAs":["https:\/\/www.linkedin.com\/company\/zootestsfrance"]}]}},"_links":{"self":[{"href":"https:\/\/zootests.fr\/fr\/wp-json\/wp\/v2\/pages\/1076","targetHints":{"allow":["GET"]}}],"collection":[{"href":"https:\/\/zootests.fr\/fr\/wp-json\/wp\/v2\/pages"}],"about":[{"href":"https:\/\/zootests.fr\/fr\/wp-json\/wp\/v2\/types\/page"}],"author":[{"embeddable":true,"href":"https:\/\/zootests.fr\/fr\/wp-json\/wp\/v2\/users\/1"}],"replies":[{"embeddable":true,"href":"https:\/\/zootests.fr\/fr\/wp-json\/wp\/v2\/comments?post=1076"}],"version-history":[{"count":27,"href":"https:\/\/zootests.fr\/fr\/wp-json\/wp\/v2\/pages\/1076\/revisions"}],"predecessor-version":[{"id":1523,"href":"https:\/\/zootests.fr\/fr\/wp-json\/wp\/v2\/pages\/1076\/revisions\/1523"}],"wp:featuredmedia":[{"embeddable":true,"href":"https:\/\/zootests.fr\/fr\/wp-json\/wp\/v2\/media\/1520"}],"wp:attachment":[{"href":"https:\/\/zootests.fr\/fr\/wp-json\/wp\/v2\/media?parent=1076"}],"curies":[{"name":"wp","href":"https:\/\/api.w.org\/{rel}","templated":true}]}}